{"id":9503,"date":"2025-01-06T10:54:48","date_gmt":"2025-01-06T10:54:48","guid":{"rendered":"https:\/\/chinafuntravel.com\/?page_id=9503"},"modified":"2026-01-09T15:42:57","modified_gmt":"2026-01-09T15:42:57","slug":"tipos-de-viaje","status":"publish","type":"page","link":"https:\/\/chinafuntravel.com\/es\/trip-types\/","title":{"rendered":"Tipos de viaje"},"content":{"rendered":"<p>Aqu\u00ed puede a\u00f1adir descripciones para explicar algo m\u00e1s. Tambi\u00e9n puede a\u00f1adir m\u00e1s detalles para optimizar la p\u00e1gina para SEO. <\/p>\n\n\n\n<p>El viaje es el desplazamiento de personas entre lugares geogr\u00e1ficos relativamente distantes, y puede consistir en viajar a pie, en bicicleta, en autom\u00f3vil, en tren, en barco, en autob\u00fas, en avi\u00f3n o en otros medios, con o sin equipaje, y puede ser de ida o de ida y vuelta. Los viajes tambi\u00e9n pueden incluir estancias relativamente cortas entre desplazamientos sucesivos.<\/p>\n\n\n\n<p>Lo m\u00e1s probable es que el origen de la palabra \u201cviaje\u201d se haya perdido en la historia. Es posible que el t\u00e9rmino \u201cviaje\u201d proceda del franc\u00e9s antiguo travail, que significa \u2018trabajo\u2019. Seg\u00fan el diccionario Merriam Webster, el primer uso conocido de la palabra viajar data del siglo XIV.<\/p>","protected":false},"excerpt":{"rendered":"<p>You can add descriptions here to explain anything further. You can also add more details to optimize the page for SEO. Travel is the movement of people between relatively distant geographical locations, and can involve travel by foot, bicycle, automobile, train, boat, bus, airplane, or other means, with or without luggage, and can be one [&hellip;]<\/p>\n","protected":false},"author":1,"featured_media":0,"parent":0,"menu_order":0,"comment_status":"closed","ping_status":"closed","template":"templates\/template-trip_types.php","meta":{"footnotes":""},"class_list":["post-9503","page","type-page","status-publish","hentry","travel-monster-post","no-post-thumbnail","latest_post"],"_links":{"self":[{"href":"https:\/\/chinafuntravel.com\/es\/wp-json\/wp\/v2\/pages\/9503","targetHints":{"allow":["GET"]}}],"collection":[{"href":"https:\/\/chinafuntravel.com\/es\/wp-json\/wp\/v2\/pages"}],"about":[{"href":"https:\/\/chinafuntravel.com\/es\/wp-json\/wp\/v2\/types\/page"}],"author":[{"embeddable":true,"href":"https:\/\/chinafuntravel.com\/es\/wp-json\/wp\/v2\/users\/1"}],"replies":[{"embeddable":true,"href":"https:\/\/chinafuntravel.com\/es\/wp-json\/wp\/v2\/comments?post=9503"}],"version-history":[{"count":0,"href":"https:\/\/chinafuntravel.com\/es\/wp-json\/wp\/v2\/pages\/9503\/revisions"}],"wp:attachment":[{"href":"https:\/\/chinafuntravel.com\/es\/wp-json\/wp\/v2\/media?parent=9503"}],"curies":[{"name":"wp","href":"https:\/\/api.w.org\/{rel}","templated":true}]}}